{"id":991,"date":"2021-06-25T19:55:40","date_gmt":"2021-06-26T00:55:40","guid":{"rendered":"https:\/\/anakkara-ach.com\/anakkara\/?page_id=991"},"modified":"2025-03-02T15:35:43","modified_gmt":"2025-03-02T20:35:43","slug":"horaire","status":"publish","type":"page","link":"https:\/\/anakkara-ach.com\/anakkara\/fr\/horaire\/","title":{"rendered":"Horaire"},"content":{"rendered":"<section class=\"av_textblock_section \"  itemscope=\"itemscope\" itemtype=\"https:\/\/schema.org\/CreativeWork\" ><div class='avia_textblock  av_inherit_color '  style='color:#1f219e; '  itemprop=\"text\" ><h2 style=\"text-align: center;\"><\/h2>\n<h2 style=\"text-align: center;\"><\/h2>\n<h2 style=\"text-align: center;\">\u00c0 VENIR BIENT\u00d4T!<br \/>\n<em>Horaire Quotidienne (pr\u00e9liminaire) du Camp d&#8217;\u00c9t\u00e9 Anakkara<\/em><br \/>\n<em>2025<\/em><\/h2>\n<\/div><\/section>\n","protected":false},"excerpt":{"rendered":"","protected":false},"author":1,"featured_media":0,"parent":0,"menu_order":0,"comment_status":"closed","ping_status":"closed","template":"","meta":[],"_links":{"self":[{"href":"https:\/\/anakkara-ach.com\/anakkara\/wp-json\/wp\/v2\/pages\/991"}],"collection":[{"href":"https:\/\/anakkara-ach.com\/anakkara\/wp-json\/wp\/v2\/pages"}],"about":[{"href":"https:\/\/anakkara-ach.com\/anakkara\/wp-json\/wp\/v2\/types\/page"}],"author":[{"embeddable":true,"href":"https:\/\/anakkara-ach.com\/anakkara\/wp-json\/wp\/v2\/users\/1"}],"replies":[{"embeddable":true,"href":"https:\/\/anakkara-ach.com\/anakkara\/wp-json\/wp\/v2\/comments?post=991"}],"version-history":[{"count":14,"href":"https:\/\/anakkara-ach.com\/anakkara\/wp-json\/wp\/v2\/pages\/991\/revisions"}],"predecessor-version":[{"id":2710,"href":"https:\/\/anakkara-ach.com\/anakkara\/wp-json\/wp\/v2\/pages\/991\/revisions\/2710"}],"wp:attachment":[{"href":"https:\/\/anakkara-ach.com\/anakkara\/wp-json\/wp\/v2\/media?parent=991"}],"curies":[{"name":"wp","href":"https:\/\/api.w.org\/{rel}","templated":true}]}}