{"id":922,"date":"2021-05-23T11:52:04","date_gmt":"2021-05-23T16:52:04","guid":{"rendered":"https:\/\/anakkara-ach.com\/anakkara\/?page_id=922"},"modified":"2024-06-10T11:03:13","modified_gmt":"2024-06-10T16:03:13","slug":"our-2021-staff","status":"publish","type":"page","link":"https:\/\/anakkara-ach.com\/anakkara\/our-2021-staff\/","title":{"rendered":"Camp counselors from other years"},"content":{"rendered":"<div class=\"flex_column av_one_half  flex_column_div av-zero-column-padding first  avia-builder-el-0  el_before_av_one_half  avia-builder-el-first  \" style='border-radius:0px; '><p><div  class='avia-image-container  av-styling-    avia-builder-el-1  el_before_av_textblock  avia-builder-el-first  avia-align-center '  itemprop=\"image\" itemscope=\"itemscope\" itemtype=\"https:\/\/schema.org\/ImageObject\"  ><div class='avia-image-container-inner'><div class='avia-image-overlay-wrap'><img class='wp-image-2622 avia-img-lazy-loading-not-2622 avia_image' src=\"https:\/\/anakkara-ach.com\/anakkara\/wp-content\/uploads\/2024\/06\/Weimar-300x300.png\" alt='' title='Weimar' height=\"300\" width=\"300\"  itemprop=\"thumbnailUrl\" srcset=\"https:\/\/anakkara-ach.com\/anakkara\/wp-content\/uploads\/2024\/06\/Weimar-300x300.png 300w, https:\/\/anakkara-ach.com\/anakkara\/wp-content\/uploads\/2024\/06\/Weimar-1030x1030.png 1030w, https:\/\/anakkara-ach.com\/anakkara\/wp-content\/uploads\/2024\/06\/Weimar-80x80.png 80w, https:\/\/anakkara-ach.com\/anakkara\/wp-content\/uploads\/2024\/06\/Weimar-768x768.png 768w, https:\/\/anakkara-ach.com\/anakkara\/wp-content\/uploads\/2024\/06\/Weimar-36x36.png 36w, https:\/\/anakkara-ach.com\/anakkara\/wp-content\/uploads\/2024\/06\/Weimar-180x180.png 180w, https:\/\/anakkara-ach.com\/anakkara\/wp-content\/uploads\/2024\/06\/Weimar-705x705.png 705w, https:\/\/anakkara-ach.com\/anakkara\/wp-content\/uploads\/2024\/06\/Weimar.png 1366w\" sizes=\"(max-width: 300px) 100vw, 300px\" \/><\/div><\/div><\/div><br \/>\n<section class=\"av_textblock_section \"  itemscope=\"itemscope\" itemtype=\"https:\/\/schema.org\/CreativeWork\" ><div class='avia_textblock  av_inherit_color '  style='font-size:14px; color:#1f219e; '  itemprop=\"text\" ><h3><b>Weimar Troetsch-Rivero<\/b><\/h3>\n<p>Hi! I&#8217;m really happy to be working at Anakkara Summer Camp with the NDG Academy of Music as the director of the afternoon program and the visual arts program. I did my DEC in visual arts at C\u00e9gep Saint-Laurent and since 2019, I&#8217;ve been studying at Universit\u00e9 du Qu\u00e9bec \u00e0 Montr\u00e9al (UQAM), completing my bachelor&#8217;s degree in art education and media arts. I have a lot of experience with children. I was a camp counsellor at Camp Massawippi from June to August 2022. As part of my UQUAM degree, I completed two internships teaching art to elementary and high school children. I also have experience tutoring children. I am very excited about developing the summer art program and creating art with children. I&#8217;m also fluent in English, French and Spanish and love to dance and play music.<\/p>\n<\/div><\/section><\/p><\/div><div class=\"flex_column av_one_half  flex_column_div av-zero-column-padding   avia-builder-el-3  el_after_av_one_half  el_before_av_one_half  \" style='border-radius:0px; '><p><div  class='avia-image-container  av-styling-    avia-builder-el-4  el_before_av_textblock  avia-builder-el-first  avia-align-center '  itemprop=\"image\" itemscope=\"itemscope\" itemtype=\"https:\/\/schema.org\/ImageObject\"  ><div class='avia-image-container-inner'><div class='avia-image-overlay-wrap'><img class='wp-image-2625 avia-img-lazy-loading-not-2625 avia_image' src=\"https:\/\/anakkara-ach.com\/anakkara\/wp-content\/uploads\/2024\/06\/Flora2-300x300.png\" alt='' title='Flora2' height=\"300\" width=\"300\"  itemprop=\"thumbnailUrl\" srcset=\"https:\/\/anakkara-ach.com\/anakkara\/wp-content\/uploads\/2024\/06\/Flora2-300x300.png 300w, https:\/\/anakkara-ach.com\/anakkara\/wp-content\/uploads\/2024\/06\/Flora2-1030x1030.png 1030w, https:\/\/anakkara-ach.com\/anakkara\/wp-content\/uploads\/2024\/06\/Flora2-80x80.png 80w, https:\/\/anakkara-ach.com\/anakkara\/wp-content\/uploads\/2024\/06\/Flora2-768x768.png 768w, https:\/\/anakkara-ach.com\/anakkara\/wp-content\/uploads\/2024\/06\/Flora2-36x36.png 36w, https:\/\/anakkara-ach.com\/anakkara\/wp-content\/uploads\/2024\/06\/Flora2-180x180.png 180w, https:\/\/anakkara-ach.com\/anakkara\/wp-content\/uploads\/2024\/06\/Flora2-705x705.png 705w, https:\/\/anakkara-ach.com\/anakkara\/wp-content\/uploads\/2024\/06\/Flora2.png 1366w\" sizes=\"(max-width: 300px) 100vw, 300px\" \/><\/div><\/div><\/div><br \/>\n<section class=\"av_textblock_section \"  itemscope=\"itemscope\" itemtype=\"https:\/\/schema.org\/CreativeWork\" ><div class='avia_textblock  av_inherit_color '  style='font-size:14px; color:#1f219e; '  itemprop=\"text\" ><h3><strong>Flora<\/strong><\/h3>\n<p>Hi! I&#8217;m really happy to be working for my third summer at Anakkara Summer Camp with the NDG Academy of Music. In 2021, I had the opportunity to work as a volunteer and I loved my experience! In the summer of 2022, I was a full-time counselor. I studied at the Waldorf School in Montreal for 10 years and am currently in Grade 10 at Coll\u00e8ge International de Marcellines. I love arts and crafts, design and dance. I also enjoy playing and creating projects with children. I speak French, English and Mandarin and love learning new languages.<\/p>\n<\/div><\/section><\/p><\/div><div class=\"flex_column av_one_half  flex_column_div av-zero-column-padding first  avia-builder-el-6  el_after_av_one_half  el_before_av_one_half  column-top-margin\" style='border-radius:0px; '><p><div  class='avia-image-container  av-styling-    avia-builder-el-7  el_before_av_textblock  avia-builder-el-first  avia-align-center '  itemprop=\"image\" itemscope=\"itemscope\" itemtype=\"https:\/\/schema.org\/ImageObject\"  ><div class='avia-image-container-inner'><div class='avia-image-overlay-wrap'><img class='wp-image-2623 avia-img-lazy-loading-not-2623 avia_image' src=\"https:\/\/anakkara-ach.com\/anakkara\/wp-content\/uploads\/2024\/06\/Josie2-300x300.png\" alt='' title='Josie2' height=\"300\" width=\"300\"  itemprop=\"thumbnailUrl\" srcset=\"https:\/\/anakkara-ach.com\/anakkara\/wp-content\/uploads\/2024\/06\/Josie2-300x300.png 300w, https:\/\/anakkara-ach.com\/anakkara\/wp-content\/uploads\/2024\/06\/Josie2-1030x1030.png 1030w, https:\/\/anakkara-ach.com\/anakkara\/wp-content\/uploads\/2024\/06\/Josie2-80x80.png 80w, https:\/\/anakkara-ach.com\/anakkara\/wp-content\/uploads\/2024\/06\/Josie2-768x768.png 768w, https:\/\/anakkara-ach.com\/anakkara\/wp-content\/uploads\/2024\/06\/Josie2-36x36.png 36w, https:\/\/anakkara-ach.com\/anakkara\/wp-content\/uploads\/2024\/06\/Josie2-180x180.png 180w, https:\/\/anakkara-ach.com\/anakkara\/wp-content\/uploads\/2024\/06\/Josie2-705x705.png 705w, https:\/\/anakkara-ach.com\/anakkara\/wp-content\/uploads\/2024\/06\/Josie2.png 1366w\" sizes=\"(max-width: 300px) 100vw, 300px\" \/><\/div><\/div><\/div><br \/>\n<section class=\"av_textblock_section \"  itemscope=\"itemscope\" itemtype=\"https:\/\/schema.org\/CreativeWork\" ><div class='avia_textblock  av_inherit_color '  style='font-size:14px; color:#1f219e; '  itemprop=\"text\" ><h3><strong>Josie<\/strong><\/h3>\n<p>Hi! I&#8217;m really happy to be working for my fourth summer at Anakkara Summer Camp with the NDG Academy of Music. I volunteered in 2020 and 2021 and worked full-time in 2022. I was park coordinator last year and have always enjoyed leading the \u201cSilent Scream\u201d with the kids&#8230;. I&#8217;m in Grade 11 at Royal West Academy High School. I love hiking, baking, reading, and I really enjoy playing and creating with children. I speak English and French.<\/p>\n<\/div><\/section><\/p><\/div><div class=\"flex_column av_one_half  flex_column_div av-zero-column-padding   avia-builder-el-9  el_after_av_one_half  el_before_av_one_half  column-top-margin\" style='border-radius:0px; '><p><div  class='avia-image-container  av-styling-    avia-builder-el-10  el_before_av_textblock  avia-builder-el-first  avia-align-center '  itemprop=\"image\" itemscope=\"itemscope\" itemtype=\"https:\/\/schema.org\/ImageObject\"  ><div class='avia-image-container-inner'><div class='avia-image-overlay-wrap'><img class='wp-image-2624 avia-img-lazy-loading-not-2624 avia_image' src=\"https:\/\/anakkara-ach.com\/anakkara\/wp-content\/uploads\/2024\/06\/Edmond-300x300.png\" alt='' title='Edmond' height=\"300\" width=\"300\"  itemprop=\"thumbnailUrl\" srcset=\"https:\/\/anakkara-ach.com\/anakkara\/wp-content\/uploads\/2024\/06\/Edmond-300x300.png 300w, https:\/\/anakkara-ach.com\/anakkara\/wp-content\/uploads\/2024\/06\/Edmond-1030x1030.png 1030w, https:\/\/anakkara-ach.com\/anakkara\/wp-content\/uploads\/2024\/06\/Edmond-80x80.png 80w, https:\/\/anakkara-ach.com\/anakkara\/wp-content\/uploads\/2024\/06\/Edmond-768x768.png 768w, https:\/\/anakkara-ach.com\/anakkara\/wp-content\/uploads\/2024\/06\/Edmond-36x36.png 36w, https:\/\/anakkara-ach.com\/anakkara\/wp-content\/uploads\/2024\/06\/Edmond-180x180.png 180w, https:\/\/anakkara-ach.com\/anakkara\/wp-content\/uploads\/2024\/06\/Edmond-705x705.png 705w, https:\/\/anakkara-ach.com\/anakkara\/wp-content\/uploads\/2024\/06\/Edmond.png 1366w\" sizes=\"(max-width: 300px) 100vw, 300px\" \/><\/div><\/div><\/div><br \/>\n<section class=\"av_textblock_section \"  itemscope=\"itemscope\" itemtype=\"https:\/\/schema.org\/CreativeWork\" ><div class='avia_textblock  av_inherit_color '  style='font-size:14px; color:#1f219e; '  itemprop=\"text\" ><h3><strong>Edmond<\/strong><\/h3>\n<p><b>Edmond Forest<\/b><span style=\"font-weight: 400;\"> is a saxophonist studying at the Universit\u00e9 de Montr\u00e9al. He is noted for his versatility and commitment to his community. Edmond has also played the piano since the age of 8, having begun his training with the Petits-Chanteurs du Mont-Royal before continuing it at the C\u00c9GEP de Saint-Laurent as part of his second instrument course. Very early on in his career, he was invited to put his passion for teaching to good use through professional engagements with Coll\u00e8ge Esther-Blondin, \u00c9cole Secondaire \u00c9milien-Frenette, the Musique-Entraide organisation and, more recently, Camp Anakkara. He wants to pass on his love of music to young people, and is particularly moved by the contact it creates with novices.<\/span><\/p>\n<\/div><\/section><\/p><\/div><div class=\"flex_column av_one_half  flex_column_div av-zero-column-padding first  avia-builder-el-12  el_after_av_one_half  el_before_av_one_half  column-top-margin\" style='border-radius:0px; '><p><div  class='avia-image-container  av-styling-    avia-builder-el-13  el_before_av_textblock  avia-builder-el-first  avia-align-center '  itemprop=\"image\" itemscope=\"itemscope\" itemtype=\"https:\/\/schema.org\/ImageObject\"  ><div class='avia-image-container-inner'><div class='avia-image-overlay-wrap'><img class='wp-image-2294 avia-img-lazy-loading-not-2294 avia_image' src=\"https:\/\/anakkara-ach.com\/anakkara\/wp-content\/uploads\/2024\/03\/Jesse-Finkelstein-300x300.png\" alt='' title='Jesse Finkelstein' height=\"300\" width=\"300\"  itemprop=\"thumbnailUrl\" srcset=\"https:\/\/anakkara-ach.com\/anakkara\/wp-content\/uploads\/2024\/03\/Jesse-Finkelstein-300x300.png 300w, https:\/\/anakkara-ach.com\/anakkara\/wp-content\/uploads\/2024\/03\/Jesse-Finkelstein-1030x1030.png 1030w, https:\/\/anakkara-ach.com\/anakkara\/wp-content\/uploads\/2024\/03\/Jesse-Finkelstein-80x80.png 80w, https:\/\/anakkara-ach.com\/anakkara\/wp-content\/uploads\/2024\/03\/Jesse-Finkelstein-768x768.png 768w, https:\/\/anakkara-ach.com\/anakkara\/wp-content\/uploads\/2024\/03\/Jesse-Finkelstein-36x36.png 36w, https:\/\/anakkara-ach.com\/anakkara\/wp-content\/uploads\/2024\/03\/Jesse-Finkelstein-180x180.png 180w, https:\/\/anakkara-ach.com\/anakkara\/wp-content\/uploads\/2024\/03\/Jesse-Finkelstein-705x705.png 705w, https:\/\/anakkara-ach.com\/anakkara\/wp-content\/uploads\/2024\/03\/Jesse-Finkelstein.png 1366w\" sizes=\"(max-width: 300px) 100vw, 300px\" \/><\/div><\/div><\/div><br \/>\n<section class=\"av_textblock_section \"  itemscope=\"itemscope\" itemtype=\"https:\/\/schema.org\/CreativeWork\" ><div class='avia_textblock  av_inherit_color '  style='font-size:14px; color:#1f219e; '  itemprop=\"text\" ><h3><strong>Jesse Finkelstein<\/strong><\/h3>\n<p>He has been interested in music since before he could remember. He plays the guitar, piano, drums, oboe, and ukulele. As an avid musician, Jesse enjoys all genres, and is diverse in his music taste. He has been involved in the Royal Conservatory of Music for piano for almost 5 years. Although he plays a wide variety of instruments, his main instruments are the piano and guitar. As a hobby, he enjoys music production and music creation on his computer, and jamming with other musicians. Not only a musician, Jesse is also a big sports fan. He plays soccer as his main sport, but also enjoys basketball, and swimming. Jesse is currently studying at the Royal West Academy.<\/p>\n<\/div><\/section><\/p><\/div><\/p>\n<div class=\"flex_column av_one_half  flex_column_div av-zero-column-padding   avia-builder-el-15  el_after_av_one_half  el_before_av_one_half  column-top-margin\" style='border-radius:0px; '><p><div  class='avia-image-container  av-styling-    avia-builder-el-16  el_before_av_textblock  avia-builder-el-first  avia-align-center '  itemprop=\"image\" itemscope=\"itemscope\" itemtype=\"https:\/\/schema.org\/ImageObject\"  ><div class='avia-image-container-inner'><div class='avia-image-overlay-wrap'><img class='wp-image-2297 avia-img-lazy-loading-not-2297 avia_image' src=\"https:\/\/anakkara-ach.com\/anakkara\/wp-content\/uploads\/2024\/03\/Louna-Janin-300x300.png\" alt='' title='Louna Janin' height=\"300\" width=\"300\"  itemprop=\"thumbnailUrl\" srcset=\"https:\/\/anakkara-ach.com\/anakkara\/wp-content\/uploads\/2024\/03\/Louna-Janin-300x300.png 300w, https:\/\/anakkara-ach.com\/anakkara\/wp-content\/uploads\/2024\/03\/Louna-Janin-1030x1030.png 1030w, https:\/\/anakkara-ach.com\/anakkara\/wp-content\/uploads\/2024\/03\/Louna-Janin-80x80.png 80w, https:\/\/anakkara-ach.com\/anakkara\/wp-content\/uploads\/2024\/03\/Louna-Janin-768x768.png 768w, https:\/\/anakkara-ach.com\/anakkara\/wp-content\/uploads\/2024\/03\/Louna-Janin-36x36.png 36w, https:\/\/anakkara-ach.com\/anakkara\/wp-content\/uploads\/2024\/03\/Louna-Janin-180x180.png 180w, https:\/\/anakkara-ach.com\/anakkara\/wp-content\/uploads\/2024\/03\/Louna-Janin-705x705.png 705w, https:\/\/anakkara-ach.com\/anakkara\/wp-content\/uploads\/2024\/03\/Louna-Janin.png 1366w\" sizes=\"(max-width: 300px) 100vw, 300px\" \/><\/div><\/div><\/div><br \/>\n<section class=\"av_textblock_section \"  itemscope=\"itemscope\" itemtype=\"https:\/\/schema.org\/CreativeWork\" ><div class='avia_textblock  av_inherit_color '  style='font-size:14px; color:#1f219e; '  itemprop=\"text\" ><h3><strong>Louna<\/strong><strong>\u00a0Janin<\/strong><\/h3>\n<p>She has always enjoyed the arts. She studied at the Waldorf School in Pasadena and the \u00c9cole Waldorf in Montreal from age 5 to 14 and continued her education at F.A.C.E. (Fine Arts Core Education). She has spent time with children of all ages as a tutor and as a certified babysitter. Violin is her principal instrument and plays the guitar and the recorder as well. She also loves to sing! She is a member of the F.A.C.E. choir and orchestra. She enjoys swimming, hiking and playing with the Anakkara children!<\/p>\n<\/div><\/section><\/p><\/div>\n<div class=\"flex_column av_one_half  flex_column_div av-zero-column-padding first  avia-builder-el-18  el_after_av_one_half  el_before_av_one_half  column-top-margin\" style='border-radius:0px; '><p><div  class='avia-image-container  av-styling-    avia-builder-el-19  el_before_av_textblock  avia-builder-el-first  avia-align-center '  itemprop=\"image\" itemscope=\"itemscope\" itemtype=\"https:\/\/schema.org\/ImageObject\"  ><div class='avia-image-container-inner'><div class='avia-image-overlay-wrap'><img class='wp-image-2295 avia-img-lazy-loading-not-2295 avia_image' src=\"https:\/\/anakkara-ach.com\/anakkara\/wp-content\/uploads\/2024\/03\/Charlotte-Landry-Lemieux-300x300.png\" alt='' title='Charlotte Landry-Lemieux' height=\"300\" width=\"300\"  itemprop=\"thumbnailUrl\" srcset=\"https:\/\/anakkara-ach.com\/anakkara\/wp-content\/uploads\/2024\/03\/Charlotte-Landry-Lemieux-300x300.png 300w, https:\/\/anakkara-ach.com\/anakkara\/wp-content\/uploads\/2024\/03\/Charlotte-Landry-Lemieux-1030x1030.png 1030w, https:\/\/anakkara-ach.com\/anakkara\/wp-content\/uploads\/2024\/03\/Charlotte-Landry-Lemieux-80x80.png 80w, https:\/\/anakkara-ach.com\/anakkara\/wp-content\/uploads\/2024\/03\/Charlotte-Landry-Lemieux-768x768.png 768w, https:\/\/anakkara-ach.com\/anakkara\/wp-content\/uploads\/2024\/03\/Charlotte-Landry-Lemieux-36x36.png 36w, https:\/\/anakkara-ach.com\/anakkara\/wp-content\/uploads\/2024\/03\/Charlotte-Landry-Lemieux-180x180.png 180w, https:\/\/anakkara-ach.com\/anakkara\/wp-content\/uploads\/2024\/03\/Charlotte-Landry-Lemieux-705x705.png 705w, https:\/\/anakkara-ach.com\/anakkara\/wp-content\/uploads\/2024\/03\/Charlotte-Landry-Lemieux.png 1366w\" sizes=\"(max-width: 300px) 100vw, 300px\" \/><\/div><\/div><\/div><br \/>\n<section class=\"av_textblock_section \"  itemscope=\"itemscope\" itemtype=\"https:\/\/schema.org\/CreativeWork\" ><div class='avia_textblock  av_inherit_color '  style='font-size:14px; color:#1f219e; '  itemprop=\"text\" ><h3><strong>Charlotte Landry-Lemieux<\/strong><\/h3>\n<p>Since November 2020, she has worked as a long-term care educator and lunch facilitator at Vanguard School, a bilingual school for students with learning disabilities. She studied theater at the C\u00e9gep de Saint-Laurent and graduated as an early childhood educator in the school environment at the &#8220;Centre de Formation Professionnelle de Verdun&#8221; (CFPV). She loves music, especially playing the piano and ukulele, and singing. She was part of a choir from 2009 to 2012 (CEM). She has been riding since she was eight years old (classical jumping), has his own horse and loves animals. One of her strengths is the animation of artistic activities (arts and crafts, and improvisation). And she is very happy to share the summer with the children of Anakkara!<\/p>\n<\/div><\/section><\/p><\/div>\n<div class=\"flex_column av_one_half  flex_column_div av-zero-column-padding   avia-builder-el-21  el_after_av_one_half  el_before_av_one_half  column-top-margin\" style='border-radius:0px; '><p><div  class='avia-image-container  av-styling-    avia-builder-el-22  el_before_av_textblock  avia-builder-el-first  avia-align-center '  itemprop=\"image\" itemscope=\"itemscope\" itemtype=\"https:\/\/schema.org\/ImageObject\"  ><div class='avia-image-container-inner'><div class='avia-image-overlay-wrap'><img class='wp-image-2296 avia-img-lazy-loading-not-2296 avia_image' src=\"https:\/\/anakkara-ach.com\/anakkara\/wp-content\/uploads\/2024\/03\/Grace-Lamfookon-300x300.png\" alt='' title='Grace Lamfookon' height=\"300\" width=\"300\"  itemprop=\"thumbnailUrl\" srcset=\"https:\/\/anakkara-ach.com\/anakkara\/wp-content\/uploads\/2024\/03\/Grace-Lamfookon-300x300.png 300w, https:\/\/anakkara-ach.com\/anakkara\/wp-content\/uploads\/2024\/03\/Grace-Lamfookon-1030x1030.png 1030w, https:\/\/anakkara-ach.com\/anakkara\/wp-content\/uploads\/2024\/03\/Grace-Lamfookon-80x80.png 80w, https:\/\/anakkara-ach.com\/anakkara\/wp-content\/uploads\/2024\/03\/Grace-Lamfookon-768x768.png 768w, https:\/\/anakkara-ach.com\/anakkara\/wp-content\/uploads\/2024\/03\/Grace-Lamfookon-36x36.png 36w, https:\/\/anakkara-ach.com\/anakkara\/wp-content\/uploads\/2024\/03\/Grace-Lamfookon-180x180.png 180w, https:\/\/anakkara-ach.com\/anakkara\/wp-content\/uploads\/2024\/03\/Grace-Lamfookon-705x705.png 705w, https:\/\/anakkara-ach.com\/anakkara\/wp-content\/uploads\/2024\/03\/Grace-Lamfookon.png 1366w\" sizes=\"(max-width: 300px) 100vw, 300px\" \/><\/div><\/div><\/div><br \/>\n<section class=\"av_textblock_section \"  itemscope=\"itemscope\" itemtype=\"https:\/\/schema.org\/CreativeWork\" ><div class='avia_textblock  av_inherit_color '  style='font-size:14px; color:#1f219e; '  itemprop=\"text\" ><h3><strong>Grace Lamfookon<\/strong><\/h3>\n<p>For more than 14 years, she been a busy mother to three children! She has been involved both as a parent and as a counsellor at Anakkara Summer Camp for the past 5 years. In addition, she has experience with children with special needs. She loved drawing, hiking and camping. But what she really enjoys any time that she gets to spend with Anakkara children! She believes in the importance of nurturing the whole child, emphasizing &#8220;heart, hands and mind&#8221;.<\/p>\n<\/div><\/section><\/p><\/div>\n<div class=\"flex_column av_one_half  flex_column_div av-zero-column-padding first  avia-builder-el-24  el_after_av_one_half  el_before_av_one_half  column-top-margin\" style='border-radius:0px; '><p><div  class='avia-image-container  av-styling-    avia-builder-el-25  el_before_av_textblock  avia-builder-el-first  avia-align-center '  itemprop=\"image\" itemscope=\"itemscope\" itemtype=\"https:\/\/schema.org\/ImageObject\"  ><div class='avia-image-container-inner'><div class='avia-image-overlay-wrap'><img class='wp-image-0 avia-img-lazy-loading-not-0 avia_image' src=\"https:\/\/anakkara-ach.com\/anakkara\/wp-content\/uploads\/2021\/06\/image_6483441-222x300.jpg\" alt='' title=''   itemprop=\"thumbnailUrl\"  \/><\/div><\/div><\/div><br \/>\n<section class=\"av_textblock_section \"  itemscope=\"itemscope\" itemtype=\"https:\/\/schema.org\/CreativeWork\" ><div class='avia_textblock  av_inherit_color '  style='font-size:14px; color:#1f219e; '  itemprop=\"text\" ><h3><strong>Julien Pilon<\/strong><\/h3>\n<p>She is passionate about music. Being born into a family of musicians, her musical education began when she was just four years old. The first instrument she learned was the piano, and then she started percussion in grade 7, at Coll\u00e8ge Notre-D\u00e2me. In percussion, she particularly likes keyboard instruments, like the marimba. She finished her last year with the Petits Chanteurs du Mont-Royal, after spending 9 years with the organization. She is going to Br\u00e9beuf and Vincent-d&#8217;Indy (CEGEP). She is always up for a challenge! She loves cycling, it is her favorite sport, and also enjoys tennis and kayaking.<\/p>\n<\/div><\/section><\/p><\/div>\n<div class=\"flex_column av_one_half  flex_column_div av-zero-column-padding   avia-builder-el-27  el_after_av_one_half  avia-builder-el-last  column-top-margin\" style='border-radius:0px; '><p><div  class='avia-image-container  av-styling-    avia-builder-el-28  el_before_av_textblock  avia-builder-el-first  avia-align-center '  itemprop=\"image\" itemscope=\"itemscope\" itemtype=\"https:\/\/schema.org\/ImageObject\"  ><div class='avia-image-container-inner'><div class='avia-image-overlay-wrap'><img class='wp-image-0 avia-img-lazy-loading-not-0 avia_image' src=\"https:\/\/anakkara-ach.com\/anakkara\/wp-content\/uploads\/2021\/06\/Kris-225x300.jpeg\" alt='' title=''   itemprop=\"thumbnailUrl\"  \/><\/div><\/div><\/div><br \/>\n<section class=\"av_textblock_section \"  itemscope=\"itemscope\" itemtype=\"https:\/\/schema.org\/CreativeWork\" ><div class='avia_textblock  av_inherit_color '  style='font-size:14px; color:#1f219e; '  itemprop=\"text\" ><h3 class=\"p1\"><strong><span class=\"s1\">Kris Sossulo<\/span><\/strong><\/h3>\n<p class=\"p1\"><span class=\"s1\">In third grade he started school at the Ma\u00eetrise des Petits Chanteurs du Mont-Royal and then continued his high school at Notre-D\u00e2me Coll\u00e8ge. Passionate about music, he was admitted to the Montreal Conservatory of Music in 2018 in piano. He studied his pre-university studies in science at Jean-de-Brebeuf Coll\u00e8ge in September 2021. He enjoy most sports especially basketball and soccer, and he cycles on a regular basis. He also loves cooking and reading. He lives in the NDG neighbourhood!<\/span><\/p>\n<\/div><\/section><\/p><\/div>\n","protected":false},"excerpt":{"rendered":"","protected":false},"author":1,"featured_media":0,"parent":0,"menu_order":0,"comment_status":"closed","ping_status":"closed","template":"","meta":[],"_links":{"self":[{"href":"https:\/\/anakkara-ach.com\/anakkara\/wp-json\/wp\/v2\/pages\/922"}],"collection":[{"href":"https:\/\/anakkara-ach.com\/anakkara\/wp-json\/wp\/v2\/pages"}],"about":[{"href":"https:\/\/anakkara-ach.com\/anakkara\/wp-json\/wp\/v2\/types\/page"}],"author":[{"embeddable":true,"href":"https:\/\/anakkara-ach.com\/anakkara\/wp-json\/wp\/v2\/users\/1"}],"replies":[{"embeddable":true,"href":"https:\/\/anakkara-ach.com\/anakkara\/wp-json\/wp\/v2\/comments?post=922"}],"version-history":[{"count":33,"href":"https:\/\/anakkara-ach.com\/anakkara\/wp-json\/wp\/v2\/pages\/922\/revisions"}],"predecessor-version":[{"id":2626,"href":"https:\/\/anakkara-ach.com\/anakkara\/wp-json\/wp\/v2\/pages\/922\/revisions\/2626"}],"wp:attachment":[{"href":"https:\/\/anakkara-ach.com\/anakkara\/wp-json\/wp\/v2\/media?parent=922"}],"curies":[{"name":"wp","href":"https:\/\/api.w.org\/{rel}","templated":true}]}}