{"id":891,"date":"2021-02-09T01:37:26","date_gmt":"2021-02-09T01:37:26","guid":{"rendered":"https:\/\/anakkara-ach.com\/anakkara\/?page_id=889"},"modified":"2024-04-11T08:53:02","modified_gmt":"2024-04-11T13:53:02","slug":"liste-de-ce-quil-y-a-a-apporter-au-camp-tous-les-jours","status":"publish","type":"page","link":"https:\/\/anakkara-ach.com\/anakkara\/fr\/liste-de-ce-quil-y-a-a-apporter-au-camp-tous-les-jours\/","title":{"rendered":"Liste de ce qu\u2019il y a \u00e0 apporter au camp tous les jours"},"content":{"rendered":"<section class=\"av_textblock_section \"  itemscope=\"itemscope\" itemtype=\"https:\/\/schema.org\/CreativeWork\" ><div class='avia_textblock  av_inherit_color '  style='color:#1f219e; '  itemprop=\"text\" ><h2 style=\"text-align: center;\"><strong>La liste quotidienne des choses \u00e0 apporter \u00e0<br \/>\nCamp d\u2019\u00e9t\u00e9 d\u2019Anakkara\u00a0<\/strong><\/h2>\n<h2 style=\"text-align: center;\"><strong>et Acad\u00e9mie de Musique NDG <\/strong><\/h2>\n<p><strong>\u00a0<\/strong><\/p>\n<h5><strong>&#8211; D\u00eener dans une bo\u00eete \u00e0 lunch individuelle ou un sac avec tous les ustensiles. <\/strong><strong><em>Un d\u00eener froid est sugg\u00e9r\u00e9. <\/em><\/strong><\/h5>\n<h5><strong>&#8211; Bouteille d\u2019eau (TR\u00c8S IMPORTANT !)<\/strong><\/h5>\n<h5><strong>&#8211; Cr\u00e8me solaire si vous \u00eates habitu\u00e9 \u00e0 l\u2019utiliser<\/strong><\/h5>\n<h5><strong>&#8211; Chapeau de soleil<\/strong><\/h5>\n<h5><strong>&#8211; Maillot<\/strong><\/h5>\n<h5><strong>&#8211; Petite serviette<\/strong><\/h5>\n<h5><strong>&#8211; Changement de v\u00eatements <\/strong><\/h5>\n<h5><strong>&#8211; Imperm\u00e9able pour les jours pluvieux<\/strong><\/h5>\n<h5><strong>&#8211; Chaussures confortables avec l\u2019avant ferm\u00e9<\/strong><\/h5>\n<h5><strong>&#8211; Un journal, un livre, pour le temps de repos<\/strong><\/h5>\n<\/div><\/section>\n<div   class='hr hr-default   avia-builder-el-1  el_after_av_textblock  el_before_av_textblock '><span class='hr-inner ' ><span class='hr-inner-style'><\/span><\/span><\/div>\n<section class=\"av_textblock_section \"  itemscope=\"itemscope\" itemtype=\"https:\/\/schema.org\/CreativeWork\" ><div class='avia_textblock  av_inherit_color '  style='color:#5b1a82; '  itemprop=\"text\" ><p><strong><em>A<\/em>dr<em>esse du camp: <\/em><\/strong><\/p>\n<p><strong><em>Kensington Presbyterian Church<\/em><\/strong><\/p>\n<p><strong><em>6<\/em>22<em>5, avenue Godfrey, Montr\u00e9al QC <\/em><em>6225 Avenue Godfrey, Montr\u00e9al, QC H4B 1K3<\/em><\/strong><\/p>\n<\/div><\/section>\n<div   class='hr hr-default   avia-builder-el-3  el_after_av_textblock  avia-builder-el-last '><span class='hr-inner ' ><span class='hr-inner-style'><\/span><\/span><\/div>\n","protected":false},"excerpt":{"rendered":"","protected":false},"author":1,"featured_media":0,"parent":0,"menu_order":0,"comment_status":"closed","ping_status":"closed","template":"","meta":[],"_links":{"self":[{"href":"https:\/\/anakkara-ach.com\/anakkara\/wp-json\/wp\/v2\/pages\/891"}],"collection":[{"href":"https:\/\/anakkara-ach.com\/anakkara\/wp-json\/wp\/v2\/pages"}],"about":[{"href":"https:\/\/anakkara-ach.com\/anakkara\/wp-json\/wp\/v2\/types\/page"}],"author":[{"embeddable":true,"href":"https:\/\/anakkara-ach.com\/anakkara\/wp-json\/wp\/v2\/users\/1"}],"replies":[{"embeddable":true,"href":"https:\/\/anakkara-ach.com\/anakkara\/wp-json\/wp\/v2\/comments?post=891"}],"version-history":[{"count":4,"href":"https:\/\/anakkara-ach.com\/anakkara\/wp-json\/wp\/v2\/pages\/891\/revisions"}],"predecessor-version":[{"id":2543,"href":"https:\/\/anakkara-ach.com\/anakkara\/wp-json\/wp\/v2\/pages\/891\/revisions\/2543"}],"wp:attachment":[{"href":"https:\/\/anakkara-ach.com\/anakkara\/wp-json\/wp\/v2\/media?parent=891"}],"curies":[{"name":"wp","href":"https:\/\/api.w.org\/{rel}","templated":true}]}}