{"id":878,"date":"2021-02-06T22:05:58","date_gmt":"2021-02-06T22:05:58","guid":{"rendered":"https:\/\/anakkara-ach.com\/anakkara\/?page_id=873"},"modified":"2021-02-06T22:05:58","modified_gmt":"2021-02-06T22:05:58","slug":"photo-utilisation-renonciation","status":"publish","type":"page","link":"https:\/\/anakkara-ach.com\/anakkara\/fr\/photo-utilisation-renonciation\/","title":{"rendered":"Renonciation \u00e0 l\u2019utilisation de la photo"},"content":{"rendered":"<div class=\"flex_column av_one_full  flex_column_div av-zero-column-padding first  avia-builder-el-0  avia-builder-el-no-sibling  \" style='border-radius:0px; '><section class=\"av_textblock_section \"  itemscope=\"itemscope\" itemtype=\"https:\/\/schema.org\/CreativeWork\" ><div class='avia_textblock  '   itemprop=\"text\" ><ul>\n<li>\n<h5>J\u2019accepte que mon enfant puisse \u00eatre photographi\u00e9 et que ce mat\u00e9riel puisse \u00eatre utilis\u00e9 par le camp d\u2019\u00e9t\u00e9 d\u2019Anakkara avec l\u2019Acad\u00e9mie de Musique NDG \u00e0 des fins de promotion ou de marketing.<\/h5>\n<\/li>\n<\/ul>\n<\/div><\/section><\/div>\n","protected":false},"excerpt":{"rendered":"","protected":false},"author":1,"featured_media":0,"parent":0,"menu_order":0,"comment_status":"closed","ping_status":"closed","template":"","meta":[],"_links":{"self":[{"href":"https:\/\/anakkara-ach.com\/anakkara\/wp-json\/wp\/v2\/pages\/878"}],"collection":[{"href":"https:\/\/anakkara-ach.com\/anakkara\/wp-json\/wp\/v2\/pages"}],"about":[{"href":"https:\/\/anakkara-ach.com\/anakkara\/wp-json\/wp\/v2\/types\/page"}],"author":[{"embeddable":true,"href":"https:\/\/anakkara-ach.com\/anakkara\/wp-json\/wp\/v2\/users\/1"}],"replies":[{"embeddable":true,"href":"https:\/\/anakkara-ach.com\/anakkara\/wp-json\/wp\/v2\/comments?post=878"}],"version-history":[{"count":0,"href":"https:\/\/anakkara-ach.com\/anakkara\/wp-json\/wp\/v2\/pages\/878\/revisions"}],"wp:attachment":[{"href":"https:\/\/anakkara-ach.com\/anakkara\/wp-json\/wp\/v2\/media?parent=878"}],"curies":[{"name":"wp","href":"https:\/\/api.w.org\/{rel}","templated":true}]}}