{"id":877,"date":"2021-01-12T22:51:26","date_gmt":"2021-01-12T22:51:26","guid":{"rendered":"https:\/\/anakkara-ach.com\/anakkara\/?page_id=716"},"modified":"2021-01-12T22:51:26","modified_gmt":"2021-01-12T22:51:26","slug":"termes-et-conditions","status":"publish","type":"page","link":"https:\/\/anakkara-ach.com\/anakkara\/fr\/termes-et-conditions\/","title":{"rendered":"Renonciation"},"content":{"rendered":"<section class=\"av_textblock_section \"  itemscope=\"itemscope\" itemtype=\"https:\/\/schema.org\/CreativeWork\" ><div class='avia_textblock  av_inherit_color '  style='color:#0e3dea; '  itemprop=\"text\" ><h3><strong><u>Renonciation<\/u><\/strong><\/h3>\n<h5>En compl\u00e9tant l\u2019inscription \u00e0 un camp d\u2019\u00e9t\u00e9 d\u2019Anakkara avec l\u2019Acad\u00e9mie de Musique NDG, parents et tuteurs l\u00e9gaux acceptent par la pr\u00e9sente les conditions suivantes :<\/h5>\n<ul>\n<li>\n<h5>Le personnel du camp d\u2019\u00e9t\u00e9 est autoris\u00e9 \u00e0 emmener mon enfant ou mes enfants des locaux du camp vers les parcs locaux et les espaces verts aux fins de loisirs en plein air.<\/h5>\n<\/li>\n<li>\n<h5><strong>Les r\u00e8gles du<em> camp (voir page Notre progr<\/em>amme) et les instructio<\/strong>ns \u00e9nonc\u00e9es par le personnel doivent \u00eatre suivies en tout temps.<\/h5>\n<\/li>\n<li>\n<h5>En cas d\u2019incident ou d\u2019urgence, le personnel du camp est autoris\u00e9 \u00e0 rechercher et \u00e0 administrer un traitement m\u00e9dical appropri\u00e9 au mieux de ses capacit\u00e9s. Les parents seront avis\u00e9s de tous les incidents majeurs et mineurs en temps opportun.<\/h5>\n<\/li>\n<li>\n<h5>Les effets personnels des enfants sont de leur propre responsabilit\u00e9, mais le personnel du camp fera tout notre possible pour s\u2019assurer que rien n\u2019est perdu. Les articles co\u00fbteux et pr\u00e9cieux tels que les t\u00e9l\u00e9phones cellulaires, les appareils de jeu, les bijoux, les v\u00eatements ou chaussures de cr\u00e9ateurs, etc., ne doivent pas \u00eatre amen\u00e9s au camp.<\/h5>\n<\/li>\n<li>\n<h5>\u00c0 la fin de chaque semaine, les enfants rapportent tous leurs biens \u00e0 la maison avec eux.<\/h5>\n<\/li>\n<li>\n<h5>Je lib\u00e8re par la pr\u00e9sente le camp d\u2019\u00e9t\u00e9 d\u2019Anakkara avec l\u2019Acad\u00e9mie de Musique NDG et ses employ\u00e9s, b\u00e9n\u00e9voles et sympathisants respectifs de et contre toutes les r\u00e9clamations, actions, frais, dommages et d\u00e9penses en ce qui concerne les dommages et\/ou les blessures corporelles caus\u00e9s \u00e0 mon enfant ou \u00e0 mes biens \u00e0 la suite de sa participation au camp d\u2019\u00e9t\u00e9 d\u2019Anakkara avec l\u2019Acad\u00e9mie de Musique NDG.<\/h5>\n<\/li>\n<\/ul>\n<h5>______________________________<br \/>\n(Parent ou tuteur)<\/h5>\n<\/div><\/section>\n","protected":false},"excerpt":{"rendered":"","protected":false},"author":1,"featured_media":0,"parent":0,"menu_order":0,"comment_status":"closed","ping_status":"closed","template":"","meta":[],"_links":{"self":[{"href":"https:\/\/anakkara-ach.com\/anakkara\/wp-json\/wp\/v2\/pages\/877"}],"collection":[{"href":"https:\/\/anakkara-ach.com\/anakkara\/wp-json\/wp\/v2\/pages"}],"about":[{"href":"https:\/\/anakkara-ach.com\/anakkara\/wp-json\/wp\/v2\/types\/page"}],"author":[{"embeddable":true,"href":"https:\/\/anakkara-ach.com\/anakkara\/wp-json\/wp\/v2\/users\/1"}],"replies":[{"embeddable":true,"href":"https:\/\/anakkara-ach.com\/anakkara\/wp-json\/wp\/v2\/comments?post=877"}],"version-history":[{"count":0,"href":"https:\/\/anakkara-ach.com\/anakkara\/wp-json\/wp\/v2\/pages\/877\/revisions"}],"wp:attachment":[{"href":"https:\/\/anakkara-ach.com\/anakkara\/wp-json\/wp\/v2\/media?parent=877"}],"curies":[{"name":"wp","href":"https:\/\/api.w.org\/{rel}","templated":true}]}}