{"id":863,"date":"2021-01-30T21:03:45","date_gmt":"2021-01-30T21:03:45","guid":{"rendered":"https:\/\/anakkara-ach.com\/anakkara\/?page_id=830"},"modified":"2024-04-11T09:07:47","modified_gmt":"2024-04-11T14:07:47","slug":"regles-du-camp","status":"publish","type":"page","link":"https:\/\/anakkara-ach.com\/anakkara\/fr\/regles-du-camp\/","title":{"rendered":"R\u00e8gles du camp"},"content":{"rendered":"<div class=\"flex_column av_one_full  flex_column_div av-zero-column-padding first  avia-builder-el-0  el_before_av_textblock  avia-builder-el-first  \" style='border-radius:0px; '><\/div>\n<section class=\"av_textblock_section \"  itemscope=\"itemscope\" itemtype=\"https:\/\/schema.org\/CreativeWork\" ><div class='avia_textblock  av_inherit_color '  style='color:#1f219e; '  itemprop=\"text\" ><h2><strong>R\u00e8gles du camp<\/strong><\/h2>\n<ul>\n<li>Je participe \u00e0 toutes les activit\u00e9s dans un esprit de coop\u00e9ration<\/li>\n<li>Je suis ponctuel.<\/li>\n<li>Je d\u00e9montre une attitude d\u2019ouverture aux activit\u00e9s propos\u00e9es<\/li>\n<li>J\u2019\u00e9couterai les instructions donn\u00e9es<\/li>\n<li>Je reconnais quand j\u2019ai des difficult\u00e9s<\/li>\n<li>J\u2019exprime des d\u00e9saccords au fur et \u00e0 mesure, calmement et respectueusement<\/li>\n<li>Je r\u00e9sout mes conflits par la communication et pacifiquement avec les personnes concern\u00e9es, cherchant l\u2019appui des autres pour m\u2019aider, en particulier les conseillers de camp.<\/li>\n<li>Je reconnais mes sentiments.<\/li>\n<li>Je me concentre sur mes forces plut\u00f4t que sur mes faiblesses<\/li>\n<li>Je reconnais les progr\u00e8s que j\u2019ai r\u00e9alis\u00e9s.<\/li>\n<li>Je m\u2019occupe des instruments, des fournitures d\u2019art et de tout l\u2019\u00e9quipement qu\u2019on me donne, et je le mets toujours de c\u00f4t\u00e9 correctement<\/li>\n<li>Je suis gentil et respectueux envers tous.<\/li>\n<\/ul>\n<\/div><\/section>\n","protected":false},"excerpt":{"rendered":"","protected":false},"author":1,"featured_media":0,"parent":0,"menu_order":0,"comment_status":"closed","ping_status":"closed","template":"","meta":[],"_links":{"self":[{"href":"https:\/\/anakkara-ach.com\/anakkara\/wp-json\/wp\/v2\/pages\/863"}],"collection":[{"href":"https:\/\/anakkara-ach.com\/anakkara\/wp-json\/wp\/v2\/pages"}],"about":[{"href":"https:\/\/anakkara-ach.com\/anakkara\/wp-json\/wp\/v2\/types\/page"}],"author":[{"embeddable":true,"href":"https:\/\/anakkara-ach.com\/anakkara\/wp-json\/wp\/v2\/users\/1"}],"replies":[{"embeddable":true,"href":"https:\/\/anakkara-ach.com\/anakkara\/wp-json\/wp\/v2\/comments?post=863"}],"version-history":[{"count":3,"href":"https:\/\/anakkara-ach.com\/anakkara\/wp-json\/wp\/v2\/pages\/863\/revisions"}],"predecessor-version":[{"id":2562,"href":"https:\/\/anakkara-ach.com\/anakkara\/wp-json\/wp\/v2\/pages\/863\/revisions\/2562"}],"wp:attachment":[{"href":"https:\/\/anakkara-ach.com\/anakkara\/wp-json\/wp\/v2\/media?parent=863"}],"curies":[{"name":"wp","href":"https:\/\/api.w.org\/{rel}","templated":true}]}}