{"id":847,"date":"2021-01-02T23:29:51","date_gmt":"2021-01-02T23:29:51","guid":{"rendered":"https:\/\/anakkara-ach.com\/anakkara\/?page_id=680"},"modified":"2025-06-16T12:45:19","modified_gmt":"2025-06-16T17:45:19","slug":"notre-politique-dannulations-et-de-commutation","status":"publish","type":"page","link":"https:\/\/anakkara-ach.com\/anakkara\/fr\/notre-politique-dannulations-et-de-commutation\/","title":{"rendered":"Notre politique d\u2019annulations et de commutation"},"content":{"rendered":"<div class=\"flex_column av_one_full  flex_column_div av-zero-column-padding first  avia-builder-el-0  avia-builder-el-no-sibling  \" style='border-radius:0px; '><section class=\"av_textblock_section \"  itemscope=\"itemscope\" itemtype=\"https:\/\/schema.org\/CreativeWork\" ><div class='avia_textblock  av_inherit_color '  style='color:#1f219e; '  itemprop=\"text\" ><h3><u>Politique d&#8217;annulations :<\/u><\/h3>\n<h4>Pour annuler votre inscription, vous devez nous en informer par \u00e9crit. Veuillez contacter:<a href=\"anakkara3@gmail.com\"> anakkara3@gmail.com<\/a> d\u00e8s que possible. Votre annulation sera valide \u00e0 la r\u00e9ception du courriel.<\/h4>\n<h4>Par la suite, vous recevrez un rembourseme<strong>nt complet m<\/strong>oins les frais d\u2019inscription de 55 $.<\/h4>\n<h4>Les annulations<strong>\u00a0sont accept\u00e9es \u00e0 tout moment apr\u00e8s l\u2019inscription et jusqu\u2019\u00e0 24 heures av<\/strong>ant la date du d\u00e9but de votre session.<\/h4>\n<div>\n<h4>Id\u00e9alement, votre annulation serait re\u00e7ue d\u00e8s\u00a0<strong>que possible et au p<\/strong>lus t<strong>ard le jeudi soir avant le d\u00e9but de votre session (toutes les sessions commencent le lundi<\/strong>). Cela nous donnerait le temps de faire le travail administratif et de contacter les familles des enfants qui sont sur notre liste d\u2019attente.<\/h4>\n<\/div>\n<h3><strong><u>Changement de session<\/u>\u00a0:<\/strong><\/h3>\n<h4>Si vous souhaitez simplement \u00eatre transf\u00e9r\u00e9 dans une autre session disponible, nous sommes heureuse de faire ce changement. Des frais de 25$ par enfant, par session seront appliqu\u00e9s.<\/h4>\n<\/div><\/section><\/div>\n","protected":false},"excerpt":{"rendered":"","protected":false},"author":1,"featured_media":0,"parent":0,"menu_order":0,"comment_status":"closed","ping_status":"closed","template":"","meta":[],"_links":{"self":[{"href":"https:\/\/anakkara-ach.com\/anakkara\/wp-json\/wp\/v2\/pages\/847"}],"collection":[{"href":"https:\/\/anakkara-ach.com\/anakkara\/wp-json\/wp\/v2\/pages"}],"about":[{"href":"https:\/\/anakkara-ach.com\/anakkara\/wp-json\/wp\/v2\/types\/page"}],"author":[{"embeddable":true,"href":"https:\/\/anakkara-ach.com\/anakkara\/wp-json\/wp\/v2\/users\/1"}],"replies":[{"embeddable":true,"href":"https:\/\/anakkara-ach.com\/anakkara\/wp-json\/wp\/v2\/comments?post=847"}],"version-history":[{"count":6,"href":"https:\/\/anakkara-ach.com\/anakkara\/wp-json\/wp\/v2\/pages\/847\/revisions"}],"predecessor-version":[{"id":2769,"href":"https:\/\/anakkara-ach.com\/anakkara\/wp-json\/wp\/v2\/pages\/847\/revisions\/2769"}],"wp:attachment":[{"href":"https:\/\/anakkara-ach.com\/anakkara\/wp-json\/wp\/v2\/media?parent=847"}],"curies":[{"name":"wp","href":"https:\/\/api.w.org\/{rel}","templated":true}]}}