{"id":729,"date":"2020-12-20T21:00:07","date_gmt":"2020-12-20T21:00:07","guid":{"rendered":"https:\/\/anakkara-ach.com\/anakkara\/?page_id=481"},"modified":"2025-12-19T01:59:18","modified_gmt":"2025-12-19T06:59:18","slug":"sur","status":"publish","type":"page","link":"https:\/\/anakkara-ach.com\/anakkara\/fr\/sur\/","title":{"rendered":"A propos de nous"},"content":{"rendered":"<div class=\"flex_column av_one_fifth  flex_column_div av-zero-column-padding first  avia-builder-el-0  el_before_av_three_fifth  avia-builder-el-first  \" style='border-radius:0px; '><div  class='avia-image-container  av-styling-no-styling   av-small-hide av-mini-hide  avia-builder-el-1  avia-builder-el-no-sibling  logoimg avia-align-center '  itemprop=\"image\" itemscope=\"itemscope\" itemtype=\"https:\/\/schema.org\/ImageObject\"  ><div class='avia-image-container-inner'><div class='avia-image-overlay-wrap'><img class='wp-image-2531 avia-img-lazy-loading-not-2531 avia_image' src=\"https:\/\/anakkara-ach.com\/anakkara\/wp-content\/uploads\/2024\/04\/Anakkara-logo-300x189.png\" alt='' title='Anakkara logo' height=\"189\" width=\"300\"  itemprop=\"thumbnailUrl\" srcset=\"https:\/\/anakkara-ach.com\/anakkara\/wp-content\/uploads\/2024\/04\/Anakkara-logo-300x189.png 300w, https:\/\/anakkara-ach.com\/anakkara\/wp-content\/uploads\/2024\/04\/Anakkara-logo.png 688w\" sizes=\"(max-width: 300px) 100vw, 300px\" \/><\/div><\/div><\/div><\/div>\n<div class=\"flex_column av_three_fifth  flex_column_div av-zero-column-padding   avia-builder-el-2  el_after_av_one_fifth  el_before_av_one_fifth  \" style='border-radius:0px; '><section class=\"av_textblock_section \"  itemscope=\"itemscope\" itemtype=\"https:\/\/schema.org\/CreativeWork\" ><div class='avia_textblock  av_inherit_color '  style='color:#5b1a82; '  itemprop=\"text\" ><h1 style=\"text-align: center;\">O\u00f9 les enfants viennent s\u2019amuser, cr\u00e9er et se d\u00e9tendre.<\/h1>\n<h1 class=\"mybutton\" style=\"text-align: center;\"><a href=\"https:\/\/anakkara-ach.com\/anakkara\/registration\/\">INSCRIVEZ-VOUS D\u00c8S MAINTENANT<\/a><\/h1>\n<\/div><\/section><\/div>\n<div class=\"flex_column av_one_fifth  flex_column_div av-zero-column-padding   avia-builder-el-4  el_after_av_three_fifth  el_before_av_one_half  \" style='border-radius:0px; '><div  class='avia-image-container  av-styling-no-styling   av-small-hide av-mini-hide  avia-builder-el-5  avia-builder-el-no-sibling  logoimg avia-align-center '  itemprop=\"image\" itemscope=\"itemscope\" itemtype=\"https:\/\/schema.org\/ImageObject\"  ><div class='avia-image-container-inner'><div class='avia-image-overlay-wrap'><img class='wp-image-230 avia-img-lazy-loading-not-230 avia_image' src=\"https:\/\/anakkara-ach.com\/anakkara\/wp-content\/uploads\/2020\/11\/Academie_musique_NDG_Logo-2-300x217.png\" alt='' title='Academie_musique_NDG_Logo' height=\"217\" width=\"300\"  itemprop=\"thumbnailUrl\" srcset=\"https:\/\/anakkara-ach.com\/anakkara\/wp-content\/uploads\/2020\/11\/Academie_musique_NDG_Logo-2-300x217.png 300w, https:\/\/anakkara-ach.com\/anakkara\/wp-content\/uploads\/2020\/11\/Academie_musique_NDG_Logo-2-1024x740.png 1024w, https:\/\/anakkara-ach.com\/anakkara\/wp-content\/uploads\/2020\/11\/Academie_musique_NDG_Logo-2-768x555.png 768w, https:\/\/anakkara-ach.com\/anakkara\/wp-content\/uploads\/2020\/11\/Academie_musique_NDG_Logo-2.png 1080w\" sizes=\"(max-width: 300px) 100vw, 300px\" \/><\/div><\/div><\/div><\/div>\n<div class=\"flex_column av_one_half  flex_column_div av-zero-column-padding first  avia-builder-el-6  el_after_av_one_fifth  el_before_av_one_half  column-top-margin\" style='border-radius:0px; '><section class=\"av_textblock_section \"  itemscope=\"itemscope\" itemtype=\"https:\/\/schema.org\/CreativeWork\" ><div class='avia_textblock  av_inherit_color '  style='color:#1f219e; '  itemprop=\"text\" ><h1 style=\"text-align: center;\"><strong>NOTRE PHILOSOPHIE<\/strong><\/h1>\n<h4>Nous croyons que les enfants sont \u00e0 leur meilleur quand ils sont d\u00e9tendus.\u00a0 Notre programme les aide \u00e0 \u00eatre \u00e0 l\u2019aise lorsqu\u2019ils apprennent la musique, la danse et les arts visuels, en cr\u00e9ant et en s\u2019amusant avec les autres enfants.\u00a0 Notre programme de yoga fournit des postures de yoga et des m\u00e9ditations qui les aident \u00e0 faire face aux tensions du monde.\u00a0 Nous accordons les moments de\u00a0 temps libre non structur\u00e9s car ces moments favorisent la cr\u00e9ativit\u00e9 chez l&#8217;enfant.\u00a0 Le temps dans la nature est tout aussi fondamental pour un d\u00e9veloppement \u00e9quilibr\u00e9.<\/h4>\n<\/div><\/section><\/div>\n<div class=\"flex_column av_one_half  flex_column_div av-zero-column-padding   avia-builder-el-8  el_after_av_one_half  el_before_av_hr  column-top-margin\" style='border-radius:0px; '><div  class='avia-image-container avia_animated_image avia_animate_when_almost_visible bottom-to-top av-styling-circle av-hover-grow   avia-builder-el-9  avia-builder-el-no-sibling  avia-align-center '  itemprop=\"image\" itemscope=\"itemscope\" itemtype=\"https:\/\/schema.org\/ImageObject\"  ><div class='avia-image-container-inner'><div class='avia-image-overlay-wrap'><img class='wp-image-2828 avia-img-lazy-loading-not-2828 avia_image' src=\"https:\/\/anakkara-ach.com\/anakkara\/wp-content\/uploads\/2025\/12\/DD77D8EB-F29B-49B0-8CE0-948D427C813C_1_105_c-225x300.jpeg\" alt='' title='DD77D8EB-F29B-49B0-8CE0-948D427C813C_1_105_c' height=\"300\" width=\"225\"  itemprop=\"thumbnailUrl\" srcset=\"https:\/\/anakkara-ach.com\/anakkara\/wp-content\/uploads\/2025\/12\/DD77D8EB-F29B-49B0-8CE0-948D427C813C_1_105_c-225x300.jpeg 225w, https:\/\/anakkara-ach.com\/anakkara\/wp-content\/uploads\/2025\/12\/DD77D8EB-F29B-49B0-8CE0-948D427C813C_1_105_c-529x705.jpeg 529w, https:\/\/anakkara-ach.com\/anakkara\/wp-content\/uploads\/2025\/12\/DD77D8EB-F29B-49B0-8CE0-948D427C813C_1_105_c.jpeg 768w\" sizes=\"(max-width: 225px) 100vw, 225px\" \/><\/div><\/div><\/div><\/div>\n<div   class='hr hr-default   avia-builder-el-10  el_after_av_one_half  el_before_av_image '><span class='hr-inner ' ><span class='hr-inner-style'><\/span><\/span><\/div>\n<div  class='avia-image-container  av-styling-circle    avia-builder-el-11  el_after_av_hr  el_before_av_hr  avia-align-center '  itemprop=\"image\" itemscope=\"itemscope\" itemtype=\"https:\/\/schema.org\/ImageObject\"  ><div class='avia-image-container-inner'><div class='avia-image-overlay-wrap'><img class='wp-image-3046 avia-img-lazy-loading-not-3046 avia_image' src=\"https:\/\/anakkara-ach.com\/anakkara\/wp-content\/uploads\/2025\/12\/IMG_7392-1-300x200.jpeg\" alt='' title='IMG_7392' height=\"200\" width=\"300\"  itemprop=\"thumbnailUrl\" srcset=\"https:\/\/anakkara-ach.com\/anakkara\/wp-content\/uploads\/2025\/12\/IMG_7392-1-300x200.jpeg 300w, https:\/\/anakkara-ach.com\/anakkara\/wp-content\/uploads\/2025\/12\/IMG_7392-1-1030x687.jpeg 1030w, https:\/\/anakkara-ach.com\/anakkara\/wp-content\/uploads\/2025\/12\/IMG_7392-1-768x512.jpeg 768w, https:\/\/anakkara-ach.com\/anakkara\/wp-content\/uploads\/2025\/12\/IMG_7392-1-1536x1024.jpeg 1536w, https:\/\/anakkara-ach.com\/anakkara\/wp-content\/uploads\/2025\/12\/IMG_7392-1-2048x1365.jpeg 2048w, https:\/\/anakkara-ach.com\/anakkara\/wp-content\/uploads\/2025\/12\/IMG_7392-1-1500x1000.jpeg 1500w, https:\/\/anakkara-ach.com\/anakkara\/wp-content\/uploads\/2025\/12\/IMG_7392-1-705x470.jpeg 705w\" sizes=\"(max-width: 300px) 100vw, 300px\" \/><\/div><\/div><\/div>\n<div   class='hr hr-default   avia-builder-el-12  el_after_av_image  el_before_av_textblock '><span class='hr-inner ' ><span class='hr-inner-style'><\/span><\/span><\/div>\n<section class=\"av_textblock_section \"  itemscope=\"itemscope\" itemtype=\"https:\/\/schema.org\/CreativeWork\" ><div class='avia_textblock  av_inherit_color '  style='color:#882cb0; '  itemprop=\"text\" ><h4 style=\"text-align: center;\"><strong>MESSAGE DES DIRECTRICES DU CAMP<br \/>\n<\/strong><\/h4>\n<h4 style=\"text-align: left;\">Chers parents et tuteurs,<\/h4>\n<h5>En tant que parents nous-m\u00eames, nous honorons l&#8217;important travail que vous accomplissez en \u00e9levant vos enfants. Lorsque vous confiez votre enfant au camp d\u2019\u00e9t\u00e9 Anakkara, nous sommes ravies de partager notre passion pour les arts, la musique, la nature et le yoga, tout en offrant une opportunit\u00e9 de s\u2019amuser et de tisser des liens forts avec les autres.<\/h5>\n<h5>Nous savons que les arts ouvrent le c\u0153ur et l\u2019esprit comme rien d\u2019autre ne peut le faire. Cr\u00e9er sa propre \u0153uvre originale, apprendre une chanson, une danse ou jouer d\u2019un instrument sont des r\u00e9alisations incroyables pour les enfants, qui leur apportent confiance et joie.<\/h5>\n<h5>Notre objectif principal est qu\u2019ils soient d\u00e9tendus afin qu\u2019ils puissent vraiment apprendre et explorer tout en naviguant dans ce monde de plus en plus complexe. En les plongeant dans la nature, nous savons que la simplicit\u00e9 de s&#8217;asseoir en silence pour \u00e9couter le vent ou d\u00e9couvrir une plante comestible nourrit leur ind\u00e9pendance et leur libert\u00e9.<\/h5>\n<h5>Ce qui distingue le camp d\u2019\u00e9t\u00e9 Anakkara des autres camps, c\u2019est la grande quantit\u00e9 de temps libre non structur\u00e9 chaque jour. Ce moment permet aux enfants, individuellement ou en petits groupes, de trouver leur propre \u00e9quilibre int\u00e9rieur. L\u2019aspect communautaire d\u2019Anakkara est \u00e9galement unique. Nous connaissons tous les pr\u00e9noms de nos campeurs et souvent leur couleur pr\u00e9f\u00e9r\u00e9e ! Nous souhaitons qu\u2019ils se connectent les uns aux autres en chantant dans la chorale, en jouant d\u2019un instrument, en dansant, en faisant du yoga et de la m\u00e9ditation, tout en honorant et en apprenant \u00e0 conna\u00eetre la Nation Kanien\u2019keh\u00e1:ka, reconnue comme la gardienne des terres et des eaux sur lesquelles notre camp se tient.<\/h5>\n<h5>Nous avons 18 ans d\u2019exp\u00e9rience. En 2009, le camp d\u2019\u00e9t\u00e9 Anakkara a d\u00e9but\u00e9 avec 10 enfants sur une p\u00e9riode de 3 semaines. Nous sommes si enthousiastes et reconnaissantes de notre croissance au fil des ans, pour les enfants qui d\u00e9couvrent le camp pour la premi\u00e8re fois, ainsi que pour les visages familiers qui reviennent chaque ann\u00e9e. Nous esp\u00e9rons que notre camp continuera \u00e0 apporter joie, inspiration et opportunit\u00e9s de croissance et d\u2019apprentissage \u00e0 tous nos campeurs et \u00e0 leurs familles.<\/h5>\n<h5>Avec tous nos meilleurs v\u0153ux,<br \/>\nIsabelle Letourneau et Philippa Woolley<\/h5>\n<h2><\/h2>\n<\/div><\/section>\n<div  class='avia-gallery  avia-gallery-1 avia_lazyload avia-gallery-animate avia_animate_when_visible  avia-builder-el-14  el_after_av_textblock  avia-builder-el-last '  itemprop=\"image\" itemscope=\"itemscope\" itemtype=\"https:\/\/schema.org\/ImageObject\" ><div class='avia-gallery-thumb'> <a href='https:\/\/anakkara-ach.com\/anakkara\/wp-content\/uploads\/2020\/11\/sergioveranes.com_IsabelleLetourneau_0272-1500x1500-1-1024x1024.jpg' data-rel='gallery-1' data-prev-img='https:\/\/anakkara-ach.com\/anakkara\/wp-content\/uploads\/2020\/11\/sergioveranes.com_IsabelleLetourneau_0272-1500x1500-1.jpg' class='first_thumb lightbox ' data-onclick='1' title='sergioveranes.com_IsabelleLetourneau_0272-1500x1500'  itemprop=\"thumbnailUrl\"  ><img class=\"wp-image-159 avia-img-lazy-loading-not-159\"   src=\"https:\/\/anakkara-ach.com\/anakkara\/wp-content\/uploads\/2020\/11\/sergioveranes.com_IsabelleLetourneau_0272-1500x1500-1.jpg\" width=\"36\" height=\"36\"  title='sergioveranes.com_IsabelleLetourneau_0272-1500x1500' alt='' srcset=\"https:\/\/anakkara-ach.com\/anakkara\/wp-content\/uploads\/2020\/11\/sergioveranes.com_IsabelleLetourneau_0272-1500x1500-1.jpg 1500w, https:\/\/anakkara-ach.com\/anakkara\/wp-content\/uploads\/2020\/11\/sergioveranes.com_IsabelleLetourneau_0272-1500x1500-1-300x300.jpg 300w, https:\/\/anakkara-ach.com\/anakkara\/wp-content\/uploads\/2020\/11\/sergioveranes.com_IsabelleLetourneau_0272-1500x1500-1-1024x1024.jpg 1024w, https:\/\/anakkara-ach.com\/anakkara\/wp-content\/uploads\/2020\/11\/sergioveranes.com_IsabelleLetourneau_0272-1500x1500-1-150x150.jpg 150w, https:\/\/anakkara-ach.com\/anakkara\/wp-content\/uploads\/2020\/11\/sergioveranes.com_IsabelleLetourneau_0272-1500x1500-1-768x768.jpg 768w, https:\/\/anakkara-ach.com\/anakkara\/wp-content\/uploads\/2020\/11\/sergioveranes.com_IsabelleLetourneau_0272-1500x1500-1-100x100.jpg 100w\" sizes=\"(max-width: 36px) 100vw, 36px\" \/><\/a> <a href='https:\/\/anakkara-ach.com\/anakkara\/wp-content\/uploads\/2025\/12\/BB3B911F-4E73-401B-8AC6-271CB2CB8A05_1_105_c.jpeg' data-rel='gallery-1' data-prev-img='https:\/\/anakkara-ach.com\/anakkara\/wp-content\/uploads\/2025\/12\/BB3B911F-4E73-401B-8AC6-271CB2CB8A05_1_105_c-495x400.jpeg' class='lightbox ' data-onclick='2' title='BB3B911F-4E73-401B-8AC6-271CB2CB8A05_1_105_c'  itemprop=\"thumbnailUrl\"  ><img class=\"wp-image-2874 avia-img-lazy-loading-not-2874\"   src=\"https:\/\/anakkara-ach.com\/anakkara\/wp-content\/uploads\/2025\/12\/BB3B911F-4E73-401B-8AC6-271CB2CB8A05_1_105_c-36x36.jpeg\" width=\"36\" height=\"36\"  title='BB3B911F-4E73-401B-8AC6-271CB2CB8A05_1_105_c' alt='' srcset=\"https:\/\/anakkara-ach.com\/anakkara\/wp-content\/uploads\/2025\/12\/BB3B911F-4E73-401B-8AC6-271CB2CB8A05_1_105_c-36x36.jpeg 36w, https:\/\/anakkara-ach.com\/anakkara\/wp-content\/uploads\/2025\/12\/BB3B911F-4E73-401B-8AC6-271CB2CB8A05_1_105_c-80x80.jpeg 80w, https:\/\/anakkara-ach.com\/anakkara\/wp-content\/uploads\/2025\/12\/BB3B911F-4E73-401B-8AC6-271CB2CB8A05_1_105_c-180x180.jpeg 180w\" sizes=\"(max-width: 36px) 100vw, 36px\" \/><\/a> <a href='https:\/\/anakkara-ach.com\/anakkara\/wp-content\/uploads\/2020\/12\/SergioVeranes-SRV_7421-1030x687.jpg' data-rel='gallery-1' data-prev-img='https:\/\/anakkara-ach.com\/anakkara\/wp-content\/uploads\/2020\/12\/SergioVeranes-SRV_7421-495x400.jpg' class='lightbox ' data-onclick='3' title='SergioVeranes-SRV_7421'  itemprop=\"thumbnailUrl\"  ><img class=\"wp-image-326 avia-img-lazy-loading-not-326\"   src=\"https:\/\/anakkara-ach.com\/anakkara\/wp-content\/uploads\/2020\/12\/SergioVeranes-SRV_7421-36x36.jpg\" width=\"36\" height=\"36\"  title='SergioVeranes-SRV_7421' alt='' srcset=\"https:\/\/anakkara-ach.com\/anakkara\/wp-content\/uploads\/2020\/12\/SergioVeranes-SRV_7421-36x36.jpg 36w, https:\/\/anakkara-ach.com\/anakkara\/wp-content\/uploads\/2020\/12\/SergioVeranes-SRV_7421-80x80.jpg 80w, https:\/\/anakkara-ach.com\/anakkara\/wp-content\/uploads\/2020\/12\/SergioVeranes-SRV_7421-180x180.jpg 180w\" sizes=\"(max-width: 36px) 100vw, 36px\" \/><\/a> <a href='https:\/\/anakkara-ach.com\/anakkara\/wp-content\/uploads\/2020\/11\/eaglepose-1-764x1024.jpg' data-rel='gallery-1' data-prev-img='https:\/\/anakkara-ach.com\/anakkara\/wp-content\/uploads\/2020\/11\/eaglepose-1.jpg' class='lightbox ' data-onclick='4' title='eaglepose'  itemprop=\"thumbnailUrl\"  ><img class=\"wp-image-178 avia-img-lazy-loading-not-178\"   src=\"https:\/\/anakkara-ach.com\/anakkara\/wp-content\/uploads\/2020\/11\/eaglepose-1.jpg\" width=\"27\" height=\"36\"  title='eaglepose' alt='' srcset=\"https:\/\/anakkara-ach.com\/anakkara\/wp-content\/uploads\/2020\/11\/eaglepose-1.jpg 1199w, https:\/\/anakkara-ach.com\/anakkara\/wp-content\/uploads\/2020\/11\/eaglepose-1-224x300.jpg 224w, https:\/\/anakkara-ach.com\/anakkara\/wp-content\/uploads\/2020\/11\/eaglepose-1-764x1024.jpg 764w, https:\/\/anakkara-ach.com\/anakkara\/wp-content\/uploads\/2020\/11\/eaglepose-1-768x1029.jpg 768w, https:\/\/anakkara-ach.com\/anakkara\/wp-content\/uploads\/2020\/11\/eaglepose-1-1146x1536.jpg 1146w\" sizes=\"(max-width: 27px) 100vw, 27px\" \/><\/a><\/div><\/div>\n","protected":false},"excerpt":{"rendered":"","protected":false},"author":1,"featured_media":0,"parent":0,"menu_order":0,"comment_status":"closed","ping_status":"closed","template":"","meta":[],"_links":{"self":[{"href":"https:\/\/anakkara-ach.com\/anakkara\/wp-json\/wp\/v2\/pages\/729"}],"collection":[{"href":"https:\/\/anakkara-ach.com\/anakkara\/wp-json\/wp\/v2\/pages"}],"about":[{"href":"https:\/\/anakkara-ach.com\/anakkara\/wp-json\/wp\/v2\/types\/page"}],"author":[{"embeddable":true,"href":"https:\/\/anakkara-ach.com\/anakkara\/wp-json\/wp\/v2\/users\/1"}],"replies":[{"embeddable":true,"href":"https:\/\/anakkara-ach.com\/anakkara\/wp-json\/wp\/v2\/comments?post=729"}],"version-history":[{"count":19,"href":"https:\/\/anakkara-ach.com\/anakkara\/wp-json\/wp\/v2\/pages\/729\/revisions"}],"predecessor-version":[{"id":3055,"href":"https:\/\/anakkara-ach.com\/anakkara\/wp-json\/wp\/v2\/pages\/729\/revisions\/3055"}],"wp:attachment":[{"href":"https:\/\/anakkara-ach.com\/anakkara\/wp-json\/wp\/v2\/media?parent=729"}],"curies":[{"name":"wp","href":"https:\/\/api.w.org\/{rel}","templated":true}]}}