{"id":144,"date":"2020-11-19T20:50:09","date_gmt":"2020-11-19T20:50:09","guid":{"rendered":"https:\/\/anakkara-ach.com\/anakkara\/?page_id=144"},"modified":"2025-12-18T01:18:39","modified_gmt":"2025-12-18T06:18:39","slug":"notre-programme","status":"publish","type":"page","link":"https:\/\/anakkara-ach.com\/anakkara\/fr\/notre-programme\/","title":{"rendered":"Notre programme"},"content":{"rendered":"<div class=\"flex_column av_one_fifth  flex_column_div av-zero-column-padding first  avia-builder-el-0  el_before_av_three_fifth  avia-builder-el-first  \" style='border-radius:0px; '><div  class='avia-image-container  av-styling-no-styling   av-small-hide av-mini-hide  avia-builder-el-1  avia-builder-el-no-sibling  logoimg avia-align-center '  itemprop=\"image\" itemscope=\"itemscope\" itemtype=\"https:\/\/schema.org\/ImageObject\"  ><div class='avia-image-container-inner'><div class='avia-image-overlay-wrap'><img class='wp-image-2531 avia-img-lazy-loading-not-2531 avia_image' src=\"https:\/\/anakkara-ach.com\/anakkara\/wp-content\/uploads\/2024\/04\/Anakkara-logo-300x189.png\" alt='' title='Anakkara logo' height=\"189\" width=\"300\"  itemprop=\"thumbnailUrl\" srcset=\"https:\/\/anakkara-ach.com\/anakkara\/wp-content\/uploads\/2024\/04\/Anakkara-logo-300x189.png 300w, https:\/\/anakkara-ach.com\/anakkara\/wp-content\/uploads\/2024\/04\/Anakkara-logo.png 688w\" sizes=\"(max-width: 300px) 100vw, 300px\" \/><\/div><\/div><\/div><\/div>\n<div class=\"flex_column av_three_fifth  flex_column_div av-zero-column-padding   avia-builder-el-2  el_after_av_one_fifth  el_before_av_one_fifth  \" style='border-radius:0px; '><section class=\"av_textblock_section \"  itemscope=\"itemscope\" itemtype=\"https:\/\/schema.org\/CreativeWork\" ><div class='avia_textblock  av_inherit_color '  style='color:#5b1a82; '  itemprop=\"text\" ><h1 style=\"text-align: center;\">O\u00f9 les enfants viennent s\u2019amuser, cr\u00e9er et se d\u00e9tendre.<\/h1>\n<h1 class=\"mybutton\" style=\"text-align: center;\"><a href=\"https:\/\/anakkara-ach.com\/anakkara\/registration\/\">INSCRIVEZ-VOUS D\u00c8S MAINTENANT<\/a><\/h1>\n<\/div><\/section><\/div>\n<div class=\"flex_column av_one_fifth  flex_column_div av-zero-column-padding   avia-builder-el-4  el_after_av_three_fifth  el_before_av_one_full  \" style='border-radius:0px; '><div  class='avia-image-container  av-styling-no-styling   av-small-hide av-mini-hide  avia-builder-el-5  avia-builder-el-no-sibling  logoimg avia-align-center '  itemprop=\"image\" itemscope=\"itemscope\" itemtype=\"https:\/\/schema.org\/ImageObject\"  ><div class='avia-image-container-inner'><div class='avia-image-overlay-wrap'><img class='wp-image-230 avia-img-lazy-loading-not-230 avia_image' src=\"https:\/\/anakkara-ach.com\/anakkara\/wp-content\/uploads\/2020\/11\/Academie_musique_NDG_Logo-2-300x217.png\" alt='' title='Academie_musique_NDG_Logo' height=\"217\" width=\"300\"  itemprop=\"thumbnailUrl\" srcset=\"https:\/\/anakkara-ach.com\/anakkara\/wp-content\/uploads\/2020\/11\/Academie_musique_NDG_Logo-2-300x217.png 300w, https:\/\/anakkara-ach.com\/anakkara\/wp-content\/uploads\/2020\/11\/Academie_musique_NDG_Logo-2-1024x740.png 1024w, https:\/\/anakkara-ach.com\/anakkara\/wp-content\/uploads\/2020\/11\/Academie_musique_NDG_Logo-2-768x555.png 768w, https:\/\/anakkara-ach.com\/anakkara\/wp-content\/uploads\/2020\/11\/Academie_musique_NDG_Logo-2.png 1080w\" sizes=\"(max-width: 300px) 100vw, 300px\" \/><\/div><\/div><\/div><\/div>\n<div class=\"flex_column av_one_full  flex_column_div av-zero-column-padding first  avia-builder-el-6  el_after_av_one_fifth  el_before_av_one_full  column-top-margin\" style='border-radius:0px; '><div  class='avia-image-container avia_animated_image avia_animate_when_almost_visible top-to-bottom av-styling- av-hover-grow   avia-builder-el-7  avia-builder-el-no-sibling  avia-align-center '  itemprop=\"image\" itemscope=\"itemscope\" itemtype=\"https:\/\/schema.org\/ImageObject\"  ><div class='avia-image-container-inner'><div class='avia-image-overlay-wrap'><img class='wp-image-2922 avia-img-lazy-loading-not-2922 avia_image' src=\"https:\/\/anakkara-ach.com\/anakkara\/wp-content\/uploads\/2025\/12\/A3B6148C-D53F-41BA-B24E-A75C8BB21D11_1_105_c-225x300.jpeg\" alt='' title='A3B6148C-D53F-41BA-B24E-A75C8BB21D11_1_105_c' height=\"300\" width=\"225\"  itemprop=\"thumbnailUrl\" srcset=\"https:\/\/anakkara-ach.com\/anakkara\/wp-content\/uploads\/2025\/12\/A3B6148C-D53F-41BA-B24E-A75C8BB21D11_1_105_c-225x300.jpeg 225w, https:\/\/anakkara-ach.com\/anakkara\/wp-content\/uploads\/2025\/12\/A3B6148C-D53F-41BA-B24E-A75C8BB21D11_1_105_c-529x705.jpeg 529w, https:\/\/anakkara-ach.com\/anakkara\/wp-content\/uploads\/2025\/12\/A3B6148C-D53F-41BA-B24E-A75C8BB21D11_1_105_c.jpeg 768w\" sizes=\"(max-width: 225px) 100vw, 225px\" \/><\/div><\/div><\/div><\/div><div class=\"flex_column av_one_full  flex_column_div av-zero-column-padding first  avia-builder-el-8  el_after_av_one_full  avia-builder-el-last  column-top-margin\" style='border-radius:0px; '><section class=\"av_textblock_section \"  itemscope=\"itemscope\" itemtype=\"https:\/\/schema.org\/CreativeWork\" ><div class='avia_textblock  av_inherit_color '  style='font-size:17px; color:#1f219e; '  itemprop=\"text\" ><h2 class=\"has-text-align-center\" style=\"text-align: left;\"><strong><span class=\"has-inline-color\">NOTRE PROGRAMME ET <a href=\"https:\/\/anakkara-ach.com\/anakkara\/our-2025-staff\/\">NOTRE PERSONNEL DE 2026<\/a><\/span><\/strong><\/h2>\n<h2 class=\"has-text-align-center\" style=\"text-align: left;\"><strong><sup><span class=\"has-inline-color\">SIX SEMAINES : DU LUNDI AU VENDREDI 22 JUIN \u2013 31 juillet 2026.<br \/>\n<\/span><\/sup><\/strong><\/h2>\n<p><span class=\"has-inline-color\"><strong>MUSIQUE: Ch\u0153ur, pe<\/strong><\/span><strong><span class=\"has-inline-color\">rcussions, xylophone et <em>guitare intro<\/em> pour les 7 ans et plus.<\/span><\/strong><\/p>\n<p><span class=\"has-inline-color\"><strong>DANSE : Danses folkloriques et contemporaines.<\/strong><\/span><\/p>\n<p><span class=\"has-inline-color\"><strong>YOGA : Postures, exercices de respiration, m\u00e9ditation, chants et jeux.<\/strong><\/span><\/p>\n<p><strong><span class=\"has-inline-color\">ARTS VISUELS : peinture, dessin, collage et &#8220;crafts&#8221;<\/span>.<\/strong><\/p>\n<p><span class=\"has-inline-color\"><strong>NATURE: Pluie ou \u00e9clat, nous sommes \u00e0 l\u2019ext\u00e9rieur et les enfants doivent \u00eatre habill\u00e9s de mani\u00e8re appropri\u00e9e. \u00catre \u00e0 l\u2019ext\u00e9rieur est fondamental au Camp Anakkara. Il y a au moins deux heures pass\u00e9es \u00e0 l\u2019ext\u00e9rieur chaque jour. En plus du manger le d\u00eener et du temps libre.\u00a0\u00a0<\/strong><\/span><\/p>\n<p><strong>LES SORTIES: Deux fois par semaine, les enfants \u00e2g\u00e9s de 9 \u00e0 12 ans, accompagn\u00e9s par l&#8217;un de nos directrices et les monitrices\/eurs, feront une sortie dans un parc, un festival ou un mus\u00e9e de Montr\u00e9al. Le transport sera assur\u00e9 par la STM.<\/strong><\/p>\n<h2><a href=\"https:\/\/anakkara-ach.com\/anakkara\/fr\/regles-du-camp\/\">R\u00c8GLES DU CAMP<\/a><\/h2>\n<p>Le maintien d\u2019un environnement s\u00fbr, sain et s\u00fbr pour tout le monde est fondamental au camp d\u2019\u00e9t\u00e9 d\u2019Anakkara.Les r\u00e8gles du camp doivent \u00eatre suivies par tous les campeurs et conseillers.<\/p>\n<\/div><\/section><\/div><\/p>\n","protected":false},"excerpt":{"rendered":"","protected":false},"author":1,"featured_media":0,"parent":0,"menu_order":0,"comment_status":"closed","ping_status":"closed","template":"","meta":[],"_links":{"self":[{"href":"https:\/\/anakkara-ach.com\/anakkara\/wp-json\/wp\/v2\/pages\/144"}],"collection":[{"href":"https:\/\/anakkara-ach.com\/anakkara\/wp-json\/wp\/v2\/pages"}],"about":[{"href":"https:\/\/anakkara-ach.com\/anakkara\/wp-json\/wp\/v2\/types\/page"}],"author":[{"embeddable":true,"href":"https:\/\/anakkara-ach.com\/anakkara\/wp-json\/wp\/v2\/users\/1"}],"replies":[{"embeddable":true,"href":"https:\/\/anakkara-ach.com\/anakkara\/wp-json\/wp\/v2\/comments?post=144"}],"version-history":[{"count":27,"href":"https:\/\/anakkara-ach.com\/anakkara\/wp-json\/wp\/v2\/pages\/144\/revisions"}],"predecessor-version":[{"id":2924,"href":"https:\/\/anakkara-ach.com\/anakkara\/wp-json\/wp\/v2\/pages\/144\/revisions\/2924"}],"wp:attachment":[{"href":"https:\/\/anakkara-ach.com\/anakkara\/wp-json\/wp\/v2\/media?parent=144"}],"curies":[{"name":"wp","href":"https:\/\/api.w.org\/{rel}","templated":true}]}}