{"id":122,"date":"2020-11-19T16:19:47","date_gmt":"2020-11-19T16:19:47","guid":{"rendered":"https:\/\/anakkara-ach.com\/anakkara\/?page_id=122"},"modified":"2026-01-14T17:41:38","modified_gmt":"2026-01-14T22:41:38","slug":"enregistrement","status":"publish","type":"page","link":"https:\/\/anakkara-ach.com\/anakkara\/fr\/enregistrement\/","title":{"rendered":"Inscription"},"content":{"rendered":"<div class=\"flex_column av_one_half  flex_column_div av-zero-column-padding first  avia-builder-el-0  el_before_av_one_fourth  avia-builder-el-first  \" style='border-radius:0px; '><section class=\"av_textblock_section \"  itemscope=\"itemscope\" itemtype=\"https:\/\/schema.org\/CreativeWork\" ><div class='avia_textblock  '   itemprop=\"text\" ><div><strong><span style=\"font-size: large;\">Soins de matin: 8 h \u00e0 8 h 45 10 $ par jour<\/span><\/strong><\/div>\n<div><strong><span style=\"font-size: large;\">D\u00e9pose r\u00e9guli\u00e8re : 8h45 &#8211; 9h00<\/span><\/strong><\/div>\n<div><strong><span style=\"font-size: large;\">Ramasse r\u00e9guli\u00e8re : 15h30 &#8211; 16h00<\/span><\/strong><\/div>\n<div><strong><span style=\"font-size: large;\">Soins de Soir: 16:00 &#8211; 17:00 $10 par jour<\/span><\/strong><\/div>\n<\/div><\/section><\/div><div class=\"flex_column av_one_fourth  flex_column_div av-zero-column-padding   avia-builder-el-2  el_after_av_one_half  el_before_av_one_fourth  \" style='border-radius:0px; '><\/div><\/p>\n<div class=\"flex_column av_one_fourth  flex_column_div av-zero-column-padding   \" style='border-radius:0px; '><\/div>\n<section class=\"av_textblock_section \"  itemscope=\"itemscope\" itemtype=\"https:\/\/schema.org\/CreativeWork\" ><div class='avia_textblock  '   itemprop=\"text\" ><\/div><\/section>\n<div   class='hr hr-default  '><span class='hr-inner ' ><span class='hr-inner-style'><\/span><\/span><\/div>\n<div class=\"flex_column av_one_half  flex_column_div av-zero-column-padding first  \" style='border-radius:0px; '><section class=\"av_textblock_section \"  itemscope=\"itemscope\" itemtype=\"https:\/\/schema.org\/CreativeWork\" ><div class='avia_textblock  '   itemprop=\"text\" ><div><strong><span style=\"font-size: large;\">Lieu: Kensington Presbyterian Church<\/span><\/strong><\/div>\n<div><strong><span style=\"font-size: large;\">Adresse: 6225 Ave. Godfrey, Montr\u00e9al, QC, H4B 1K3<\/span><\/strong><\/div>\n<div><strong><span style=\"font-size: large;\">Mode d\u2019emploi:<a href=\"https:\/\/www.google.com\/maps\/dir\/\/6225 Ave. Godfrey, Montreal, QC, H4B 1K3\" data-wplink-url-error=\"true\"> Google<\/a><\/span><\/strong><\/div>\n<\/div><\/section><\/div>\n<div class=\"flex_column av_one_half  flex_column_div av-zero-column-padding   \" style='border-radius:0px; '><\/div>\n<div   class='hr hr-default  '><span class='hr-inner ' ><span class='hr-inner-style'><\/span><\/span><\/div>\n<section class=\"av_textblock_section \"  itemscope=\"itemscope\" itemtype=\"https:\/\/schema.org\/CreativeWork\" ><div class='avia_textblock  av_inherit_color '  style='font-size:16px; '  itemprop=\"text\" ><p><span class=\"has-inline-color\"><strong>Camp d\u2019\u00e9t\u00e9 d\u2019Anakkara avec Acad\u00e9mie de Musique NDG<br \/>\nDu <\/strong>l<em>undi au vendredi 28 juin au 7 ao\u00fbt 2021.<\/p>\n<p>Fr<\/em>a<\/span>is:<span class=\"has-inline-color\"><strong><br \/>\nAvan<\/strong>t le 15 avril 2021 :<\/p>\n<p>195,<\/span>00 <strong><span class=\"has-inline-color\">$ par semaine + frais d\u2019inscription de 40 $.<\/span><\/strong><\/p>\n<p><strong><span class=\"has-inline-color\">Inscrivez-vous pour les 6 semaines pour 185,00 $ par semaine + frais d\u2019inscription de 40 $.<\/span><\/strong><\/p>\n<p><span class=\"has-inline-color\">Apr\u00e8s le 15 avril 2021 :<br \/>\n<\/span><br \/>\n$<strong><span class=\"has-inline-color\">220.00 par semaine + $40 frais d\u2019inscriptio<\/span>n.<\/strong><\/p>\n<p><strong><span class=\"has-inline-color\">Inscrivez-vous pour les 6 semaines pour 210,00 $ par semaine + frais d\u2019inscription de 40 $.<\/span><\/strong><\/p>\n<p>Choisissez ci-de<a href=\"https:\/\/anakkara-ach.com\/anakkara\/register-your-child\/\" data-type=\"page\" data-id=\"63\">ssous<\/p>\n<p>Inscrivez-vou<\/a>s <a href=\"https:\/\/anakkara-ach.com\/anakkara\/registration-2\/\" data-type=\"page\" data-id=\"61\">1 E<section class=\"av_textblock_section \"  itemscope=\"itemscope\" itemtype=\"https:\/\/schema.org\/CreativeWork\" ><div class='avia_textblock  '   itemprop=\"text\" ><\/div><\/section>nf<\/p>\n<\/div><\/section>\n","protected":false},"excerpt":{"rendered":"","protected":false},"author":1,"featured_media":0,"parent":0,"menu_order":0,"comment_status":"closed","ping_status":"closed","template":"","meta":[],"_links":{"self":[{"href":"https:\/\/anakkara-ach.com\/anakkara\/wp-json\/wp\/v2\/pages\/122"}],"collection":[{"href":"https:\/\/anakkara-ach.com\/anakkara\/wp-json\/wp\/v2\/pages"}],"about":[{"href":"https:\/\/anakkara-ach.com\/anakkara\/wp-json\/wp\/v2\/types\/page"}],"author":[{"embeddable":true,"href":"https:\/\/anakkara-ach.com\/anakkara\/wp-json\/wp\/v2\/users\/1"}],"replies":[{"embeddable":true,"href":"https:\/\/anakkara-ach.com\/anakkara\/wp-json\/wp\/v2\/comments?post=122"}],"version-history":[{"count":8,"href":"https:\/\/anakkara-ach.com\/anakkara\/wp-json\/wp\/v2\/pages\/122\/revisions"}],"predecessor-version":[{"id":744,"href":"https:\/\/anakkara-ach.com\/anakkara\/wp-json\/wp\/v2\/pages\/122\/revisions\/744"}],"wp:attachment":[{"href":"https:\/\/anakkara-ach.com\/anakkara\/wp-json\/wp\/v2\/media?parent=122"}],"curies":[{"name":"wp","href":"https:\/\/api.w.org\/{rel}","templated":true}]}}