{"id":1022,"date":"2022-01-06T15:46:14","date_gmt":"2022-01-06T20:46:14","guid":{"rendered":"https:\/\/anakkara-ach.com\/anakkara\/?page_id=1022"},"modified":"2025-12-18T01:05:57","modified_gmt":"2025-12-18T06:05:57","slug":"our-2025-staff","status":"publish","type":"page","link":"https:\/\/anakkara-ach.com\/anakkara\/our-2025-staff\/","title":{"rendered":"OUR CAMP COUNSELORS 2026"},"content":{"rendered":"<section class=\"av_textblock_section \"  itemscope=\"itemscope\" itemtype=\"https:\/\/schema.org\/CreativeWork\" ><div class='avia_textblock  av_inherit_color '  style='font-size:14px; color:#5b1a82; '  itemprop=\"text\" ><h2><strong>\u00c9quipe Anakkara 2026<br \/>\nTeam Anakkara 2026<\/strong><\/h2>\n<p>Nous sommes ravis de vous pr\u00e9senter certains des membres exceptionnels de notre \u00e9quipe qui contribueront \u00e0 rendre cet \u00e9t\u00e9 vraiment inoubliable !<\/p>\n<p>Restez \u00e0 l&#8217;\u00e9coute, d&#8217;autres annonces incroyables concernant notre \u00e9quipe sont \u00e0 venir alors que nous nous pr\u00e9parons pour un autre \u00e9t\u00e9 formidable au Camp Anakkara !<\/p>\n<p>We\u2019re beyond excited to introduce some of the outstanding team members who will help make this summer truly unforgettable!<\/p>\n<p>Stay tuned\u2014more amazing team announcements are on the way as we gear up for another great summer at Camp Anakkara!<\/p>\n<h1><\/h1>\n<\/div><\/section>\n<div   class='hr hr-default   avia-builder-el-1  el_after_av_textblock  el_before_av_one_half '><span class='hr-inner ' ><span class='hr-inner-style'><\/span><\/span><\/div>\n<div class=\"flex_column av_one_half  flex_column_div av-zero-column-padding first  avia-builder-el-2  el_after_av_hr  avia-builder-el-last  \" style='border-radius:0px; '><section  class='avia-team-member   avia-builder-el-3  avia-builder-el-no-sibling '  itemscope=\"itemscope\" itemtype=\"https:\/\/schema.org\/Person\" ><div class='team-img-container'><img width=\"300\" height=\"300\" class='wp-image-2748 avia-img-lazy-loading-not-2748 avia_image avia_image_team' src=\"https:\/\/anakkara-ach.com\/anakkara\/wp-content\/uploads\/2025\/05\/image1-1-300x300.jpeg\" alt='OLIVIA'  itemprop=\"image\" srcset=\"https:\/\/anakkara-ach.com\/anakkara\/wp-content\/uploads\/2025\/05\/image1-1-300x300.jpeg 300w, https:\/\/anakkara-ach.com\/anakkara\/wp-content\/uploads\/2025\/05\/image1-1-1026x1030.jpeg 1026w, https:\/\/anakkara-ach.com\/anakkara\/wp-content\/uploads\/2025\/05\/image1-1-80x80.jpeg 80w, https:\/\/anakkara-ach.com\/anakkara\/wp-content\/uploads\/2025\/05\/image1-1-768x771.jpeg 768w, https:\/\/anakkara-ach.com\/anakkara\/wp-content\/uploads\/2025\/05\/image1-1-36x36.jpeg 36w, https:\/\/anakkara-ach.com\/anakkara\/wp-content\/uploads\/2025\/05\/image1-1-180x180.jpeg 180w, https:\/\/anakkara-ach.com\/anakkara\/wp-content\/uploads\/2025\/05\/image1-1-703x705.jpeg 703w, https:\/\/anakkara-ach.com\/anakkara\/wp-content\/uploads\/2025\/05\/image1-1.jpeg 1171w\" sizes=\"(max-width: 300px) 100vw, 300px\" \/><\/div><h3 class='team-member-name'   style='color:#d65799; '  itemprop=\"name\" >OLIVIA<\/h3><div class='team-member-job-title av_opacity_variation'  style='color:#d65799; '  itemprop=\"jobTitle\" >Counselor<\/div><div class='team-member-description '  itemprop=\"description\"  ><p>Bonjour, je m\u2018appelle Olivia et je suis tr\u00e8s heureuse de commencer ma deuxi\u00e8me ann\u00e9e au camp d\u2019\u00e9t\u00e9 Anakkara avec l\u2018Acad\u00e9mie de Musique NDG ! Je suis \u00e9tudiante en deuxi\u00e8me ann\u00e9e au Coll\u00e8ge Dawson, o\u00f9 je suis des \u00e9tudes en sciences de l\u2019environnement. Mes loisirs incluent la guitare, la photographie et le crochet. J\u2019ai h\u00e2te de passer un \u00e9t\u00e9 formidable avec vous tous !<br \/>\nHey, I\u2019m Olivia and I\u2019m super excited for my second year working at Anakkara Summer Camp with Acad\u00e9mie de Musique NDG! I\u2019m a second year student at Dawson College studying environmental sciences. A few of my hobbies include playing the guitar, photography and crocheting. I can\u2019t wait for all the fun we\u2019ll have this summer!<\/p>\n<\/div><span class='hidden team-member-affiliation'  itemprop=\"affiliation\" >Anakkara Summer Camp with Acad\u00e9mie de Musique NDG<\/span><\/section><\/div>\n","protected":false},"excerpt":{"rendered":"","protected":false},"author":1,"featured_media":0,"parent":0,"menu_order":0,"comment_status":"closed","ping_status":"closed","template":"","meta":[],"_links":{"self":[{"href":"https:\/\/anakkara-ach.com\/anakkara\/wp-json\/wp\/v2\/pages\/1022"}],"collection":[{"href":"https:\/\/anakkara-ach.com\/anakkara\/wp-json\/wp\/v2\/pages"}],"about":[{"href":"https:\/\/anakkara-ach.com\/anakkara\/wp-json\/wp\/v2\/types\/page"}],"author":[{"embeddable":true,"href":"https:\/\/anakkara-ach.com\/anakkara\/wp-json\/wp\/v2\/users\/1"}],"replies":[{"embeddable":true,"href":"https:\/\/anakkara-ach.com\/anakkara\/wp-json\/wp\/v2\/comments?post=1022"}],"version-history":[{"count":57,"href":"https:\/\/anakkara-ach.com\/anakkara\/wp-json\/wp\/v2\/pages\/1022\/revisions"}],"predecessor-version":[{"id":2869,"href":"https:\/\/anakkara-ach.com\/anakkara\/wp-json\/wp\/v2\/pages\/1022\/revisions\/2869"}],"wp:attachment":[{"href":"https:\/\/anakkara-ach.com\/anakkara\/wp-json\/wp\/v2\/media?parent=1022"}],"curies":[{"name":"wp","href":"https:\/\/api.w.org\/{rel}","templated":true}]}}